{"id":1346,"date":"2020-08-11T09:35:58","date_gmt":"2020-08-11T09:35:58","guid":{"rendered":"http:\/\/trinivica.com\/?page_id=1346"},"modified":"2020-08-17T16:22:55","modified_gmt":"2020-08-17T16:22:55","slug":"existe-dios","status":"publish","type":"page","link":"https:\/\/trinivica.com\/?page_id=1346","title":{"rendered":"\u00bfEXISTE DIOS?"},"content":{"rendered":"\t\t<div data-elementor-type=\"wp-post\" data-elementor-id=\"1346\" class=\"elementor elementor-1346\">\n\t\t\t\t\t\t<div class=\"elementor-inner\">\n\t\t\t\t<div class=\"elementor-section-wrap\">\n\t\t\t\t\t\t\t\t\t<section class=\"elementor-section elementor-top-section elementor-element elementor-element-c6f21d7 elementor-section-boxed elementor-section-height-default elementor-section-height-default\" data-id=\"c6f21d7\" data-element_type=\"section\">\n\t\t\t\t\t\t<div class=\"elementor-container elementor-column-gap-default\">\n\t\t\t\t\t\t\t<div class=\"elementor-row\">\n\t\t\t\t\t<div class=\"elementor-column elementor-col-100 elementor-top-column elementor-element elementor-element-2e70dd5\" data-id=\"2e70dd5\" data-element_type=\"column\">\n\t\t\t<div class=\"elementor-column-wrap elementor-element-populated\">\n\t\t\t\t\t\t\t<div class=\"elementor-widget-wrap\">\n\t\t\t\t\t\t<div class=\"elementor-element elementor-element-84a7885 elementor-widget elementor-widget-image\" data-id=\"84a7885\" data-element_type=\"widget\" data-widget_type=\"image.default\">\n\t\t\t\t<div class=\"elementor-widget-container\">\n\t\t\t\t\t\t\t\t<div class=\"elementor-image\">\n\t\t\t\t\t\t\t\t\t\t\t\t<img width=\"630\" height=\"849\" src=\"https:\/\/trinivica.com\/wp-content\/uploads\/2020\/08\/portada-1-760x1024.jpg\" class=\"attachment-large size-large wp-image-1284\" alt=\"\" loading=\"lazy\" srcset=\"https:\/\/trinivica.com\/wp-content\/uploads\/2020\/08\/portada-1-760x1024.jpg 760w, https:\/\/trinivica.com\/wp-content\/uploads\/2020\/08\/portada-1-223x300.jpg 223w, https:\/\/trinivica.com\/wp-content\/uploads\/2020\/08\/portada-1-768x1035.jpg 768w, https:\/\/trinivica.com\/wp-content\/uploads\/2020\/08\/portada-1-1140x1536.jpg 1140w, https:\/\/trinivica.com\/wp-content\/uploads\/2020\/08\/portada-1-1520x2048.jpg 1520w, https:\/\/trinivica.com\/wp-content\/uploads\/2020\/08\/portada-1.jpg 1606w\" sizes=\"(max-width: 630px) 100vw, 630px\" \/>\t\t\t\t\t\t\t\t\t\t\t\t\t\t<\/div>\n\t\t\t\t\t\t<\/div>\n\t\t\t\t<\/div>\n\t\t\t\t<div class=\"elementor-element elementor-element-1fbc1fe elementor-widget elementor-widget-text-editor\" data-id=\"1fbc1fe\" data-element_type=\"widget\" data-widget_type=\"text-editor.default\">\n\t\t\t\t<div class=\"elementor-widget-container\">\n\t\t\t\t\t\t\t\t<div class=\"elementor-text-editor elementor-clearfix\">\n\t\t\t\t<p>Despu\u00e9s de una semana intentando hacer m\u00e1s o menos las labores dom\u00e9sticas, el buen se\u00f1or se est\u00e1 dando cuenta que las cosas no se hacen solas. Est\u00e1 comprobando que si quiere comer tiene que hacer la comida y poner la mesa, quitarla y fregar los, platos. Tambi\u00e9n meter la ropa en la lavadora y limpiar el suelo. La verdad que de momento no dedica mucho tiempo a los quehaceres de la casa, por lo que la faena se le va acumulando, solo va haciendo, como aquel que dice, lo que ve la suegra. Le recuerdo que tiene que fregar e higienizar el ba\u00f1o y limpiar el polvo, por lo menos, por la zona que alcanza mi vista.<br \/>Los d\u00edas pasan lentamente, me siento desvalida y me doy cuenta de la poca cosa que llegamos a ser. La mujer de mi sobrino ha fallecido y ni tan siquiera puedo ir al entierro. Siento mucho su perdida, la vida da golpes duros y este ha sido muy fuerte para toda la familia. Era una chica muy noble y se hac\u00eda querer, la conoc\u00eda desde que ten\u00eda quince a\u00f1os, ennovi\u00f3 con mi sobrino pol\u00edtico y se casaron muy jovencitos. Se ha marchado, muy joven. D.E.P.\u00a0<\/p>\t\t\t\t\t<\/div>\n\t\t\t\t\t\t<\/div>\n\t\t\t\t<\/div>\n\t\t\t\t\t\t<\/div>\n\t\t\t\t\t<\/div>\n\t\t<\/div>\n\t\t\t\t\t\t\t\t<\/div>\n\t\t\t\t\t<\/div>\n\t\t<\/section>\n\t\t\t\t<section class=\"elementor-section elementor-top-section elementor-element elementor-element-286ce70 elementor-section-boxed elementor-section-height-default elementor-section-height-default\" data-id=\"286ce70\" data-element_type=\"section\">\n\t\t\t\t\t\t<div class=\"elementor-container elementor-column-gap-default\">\n\t\t\t\t\t\t\t<div class=\"elementor-row\">\n\t\t\t\t\t<div class=\"elementor-column elementor-col-100 elementor-top-column elementor-element elementor-element-daabdd8\" data-id=\"daabdd8\" data-element_type=\"column\">\n\t\t\t<div class=\"elementor-column-wrap elementor-element-populated\">\n\t\t\t\t\t\t\t<div class=\"elementor-widget-wrap\">\n\t\t\t\t\t\t<div class=\"elementor-element elementor-element-e6c86a2 elementor-widget elementor-widget-text-editor\" data-id=\"e6c86a2\" data-element_type=\"widget\" data-widget_type=\"text-editor.default\">\n\t\t\t\t<div class=\"elementor-widget-container\">\n\t\t\t\t\t\t\t\t<div class=\"elementor-text-editor elementor-clearfix\">\n\t\t\t\t\t\t\t\t\t<\/div>\n\t\t\t\t\t\t<\/div>\n\t\t\t\t<\/div>\n\t\t\t\t\t\t<\/div>\n\t\t\t\t\t<\/div>\n\t\t<\/div>\n\t\t\t\t\t\t\t\t<\/div>\n\t\t\t\t\t<\/div>\n\t\t<\/section>\n\t\t\t\t<section class=\"elementor-section elementor-top-section elementor-element elementor-element-708ec88 elementor-section-boxed elementor-section-height-default elementor-section-height-default\" data-id=\"708ec88\" data-element_type=\"section\">\n\t\t\t\t\t\t<div class=\"elementor-container elementor-column-gap-default\">\n\t\t\t\t\t\t\t<div class=\"elementor-row\">\n\t\t\t\t\t<div class=\"elementor-column elementor-col-100 elementor-top-column elementor-element elementor-element-5c919d2\" data-id=\"5c919d2\" data-element_type=\"column\">\n\t\t\t<div class=\"elementor-column-wrap elementor-element-populated\">\n\t\t\t\t\t\t\t<div class=\"elementor-widget-wrap\">\n\t\t\t\t\t\t<div class=\"elementor-element elementor-element-d8392de elementor-widget elementor-widget-text-editor\" data-id=\"d8392de\" data-element_type=\"widget\" data-widget_type=\"text-editor.default\">\n\t\t\t\t<div class=\"elementor-widget-container\">\n\t\t\t\t\t\t\t\t<div class=\"elementor-text-editor elementor-clearfix\">\n\t\t\t\t\t\t\t\t\t<\/div>\n\t\t\t\t\t\t<\/div>\n\t\t\t\t<\/div>\n\t\t\t\t\t\t<\/div>\n\t\t\t\t\t<\/div>\n\t\t<\/div>\n\t\t\t\t\t\t\t\t<\/div>\n\t\t\t\t\t<\/div>\n\t\t<\/section>\n\t\t\t\t\t\t\t\t\t<\/div>\n\t\t\t<\/div>\n\t\t\t\t\t<\/div>\n\t\t ","protected":false},"excerpt":{"rendered":"<p>Despu\u00e9s de una semana intentando hacer m\u00e1s o menos las labores dom\u00e9sticas, el buen se\u00f1or se est\u00e1 dando cuenta que las cosas no se hacen solas. Est\u00e1 comprobando que si quiere comer tiene que hacer la comida y poner la mesa, quitarla y fregar los, platos. Tambi\u00e9n meter la ropa en la lavadora y limpiar [&hellip;]<\/p>\n","protected":false},"author":1,"featured_media":0,"parent":0,"menu_order":0,"comment_status":"closed","ping_status":"closed","template":"","meta":[],"_links":{"self":[{"href":"https:\/\/trinivica.com\/index.php?rest_route=\/wp\/v2\/pages\/1346"}],"collection":[{"href":"https:\/\/trinivica.com\/index.php?rest_route=\/wp\/v2\/pages"}],"about":[{"href":"https:\/\/trinivica.com\/index.php?rest_route=\/wp\/v2\/types\/page"}],"author":[{"embeddable":true,"href":"https:\/\/trinivica.com\/index.php?rest_route=\/wp\/v2\/users\/1"}],"replies":[{"embeddable":true,"href":"https:\/\/trinivica.com\/index.php?rest_route=%2Fwp%2Fv2%2Fcomments&post=1346"}],"version-history":[{"count":23,"href":"https:\/\/trinivica.com\/index.php?rest_route=\/wp\/v2\/pages\/1346\/revisions"}],"predecessor-version":[{"id":1486,"href":"https:\/\/trinivica.com\/index.php?rest_route=\/wp\/v2\/pages\/1346\/revisions\/1486"}],"wp:attachment":[{"href":"https:\/\/trinivica.com\/index.php?rest_route=%2Fwp%2Fv2%2Fmedia&parent=1346"}],"curies":[{"name":"wp","href":"https:\/\/api.w.org\/{rel}","templated":true}]}}